{"id":3,"date":"2025-04-23T10:55:22","date_gmt":"2025-04-23T08:55:22","guid":{"rendered":"https:\/\/werk.hebepl-hodowla.pl\/?page_id=3"},"modified":"2025-05-13T09:32:12","modified_gmt":"2025-05-13T07:32:12","slug":"polityka-prywatnosci","status":"publish","type":"page","link":"https:\/\/werk.org.pl\/?page_id=3","title":{"rendered":"Polityka prywatno\u015bci"},"content":{"rendered":"\t\t<div data-elementor-type=\"wp-page\" data-elementor-id=\"3\" class=\"elementor elementor-3\">\n\t\t\t\t<div class=\"elementor-element elementor-element-3a96b837 e-flex e-con-boxed e-con e-parent\" data-id=\"3a96b837\" data-element_type=\"container\" data-settings=\"{&quot;background_background&quot;:&quot;gradient&quot;}\">\n\t\t\t\t\t<div class=\"e-con-inner\">\n\t\t\t\t<div class=\"elementor-element elementor-element-4b227e3e elementor-widget elementor-widget-text-editor\" data-id=\"4b227e3e\" data-element_type=\"widget\" data-widget_type=\"text-editor.default\">\n\t\t\t\t<div class=\"elementor-widget-container\">\n\t\t\t\t\t\t\t\t\t<p data-start=\"231\" data-end=\"255\"><strong data-start=\"231\" data-end=\"255\">Polityka Prywatno\u015bci<\/strong><\/p><p data-start=\"257\" data-end=\"285\">Data wej\u015bcia w \u017cycie: 13\/05\/2025<\/p><p data-start=\"287\" data-end=\"452\">Niniejsza Polityka Prywatno\u015bci okre\u015bla zasady przetwarzania i ochrony danych osobowych u\u017cytkownik\u00f3w korzystaj\u0105cych ze strony internetowej [ werk.org.pl\u00a0 \/\u00a0<\/p><p data-start=\"287\" data-end=\"452\">https: \/\/www.werk.org.pl\/ ]\u00a0<span style=\"text-wrap-mode: initial; letter-spacing: -0.1px;\">.<\/span><\/p><h3 data-start=\"454\" data-end=\"481\">1. Administrator danych<\/h3><p data-start=\"482\" data-end=\"639\">Administratorem danych osobowych jest: WERK SP ZOO, z siedzib\u0105 pod adresem : ul.1 Maja 30a , 45-355 Opole, adres e-mail: biuro@werk.org.pl, nr telefonu: 574669664, NIP: 7543371945<\/p><h3 data-start=\"641\" data-end=\"672\">2. Zakres zbieranych danych<\/h3><p data-start=\"673\" data-end=\"750\">Podczas korzystania ze strony internetowej mo\u017cemy gromadzi\u0107 nast\u0119puj\u0105ce dane:<\/p><ul data-start=\"751\" data-end=\"903\"><li data-start=\"751\" data-end=\"769\"><p data-start=\"753\" data-end=\"769\">imi\u0119 i nazwisko,<\/p><\/li><li data-start=\"770\" data-end=\"785\"><p data-start=\"772\" data-end=\"785\">adres e-mail,<\/p><\/li><li data-start=\"786\" data-end=\"803\"><p data-start=\"788\" data-end=\"803\">numer telefonu,<\/p><\/li><li data-start=\"804\" data-end=\"815\"><p data-start=\"806\" data-end=\"815\">adres IP,<\/p><\/li><li data-start=\"816\" data-end=\"869\"><p data-start=\"818\" data-end=\"869\">dane dotycz\u0105ce przegl\u0105darki i systemu operacyjnego,<\/p><\/li><li data-start=\"870\" data-end=\"903\"><p data-start=\"872\" data-end=\"903\">dane zawarte w plikach cookies.<\/p><\/li><\/ul><h3 data-start=\"905\" data-end=\"936\">3. Cel przetwarzania danych<\/h3><p data-start=\"937\" data-end=\"989\">Dane osobowe s\u0105 przetwarzane w nast\u0119puj\u0105cych celach:<\/p><ul data-start=\"990\" data-end=\"1211\"><li data-start=\"990\" data-end=\"1046\"><p data-start=\"992\" data-end=\"1046\">realizacja us\u0142ug \u015bwiadczonych za po\u015brednictwem strony,<\/p><\/li><li data-start=\"1047\" data-end=\"1113\"><p data-start=\"1049\" data-end=\"1113\">kontakt z u\u017cytkownikiem (formularz kontaktowy, newsletter itp.),<\/p><\/li><li data-start=\"1114\" data-end=\"1148\"><p data-start=\"1116\" data-end=\"1148\">cele analityczne i statystyczne,<\/p><\/li><li data-start=\"1149\" data-end=\"1173\"><p data-start=\"1151\" data-end=\"1173\">marketing bezpo\u015bredni,<\/p><\/li><li data-start=\"1174\" data-end=\"1211\"><p data-start=\"1176\" data-end=\"1211\">zapewnienie bezpiecze\u0144stwa serwisu.<\/p><\/li><\/ul><h3 data-start=\"1213\" data-end=\"1249\">4. Podstawa prawna przetwarzania<\/h3><p data-start=\"1250\" data-end=\"1289\">Dane osobowe s\u0105 przetwarzane zgodnie z:<\/p><ul data-start=\"1290\" data-end=\"1489\"><li data-start=\"1290\" data-end=\"1353\"><p data-start=\"1292\" data-end=\"1353\">art. 6 ust. 1 lit. a RODO \u2013 zgoda osoby, kt\u00f3rej dane dotycz\u0105,<\/p><\/li><li data-start=\"1354\" data-end=\"1415\"><p data-start=\"1356\" data-end=\"1415\">art. 6 ust. 1 lit. b RODO \u2013 niezb\u0119dno\u015b\u0107 do wykonania umowy,<\/p><\/li><li data-start=\"1416\" data-end=\"1489\"><p data-start=\"1418\" data-end=\"1489\">art. 6 ust. 1 lit. f RODO \u2013 prawnie uzasadniony interes administratora.<\/p><\/li><\/ul><h3 data-start=\"1491\" data-end=\"1518\">5. Udost\u0119pnianie danych<\/h3><p data-start=\"1519\" data-end=\"1546\">Dane mog\u0105 by\u0107 udost\u0119pniane:<\/p><ul data-start=\"1547\" data-end=\"1690\"><li data-start=\"1547\" data-end=\"1622\"><p data-start=\"1549\" data-end=\"1622\">podmiotom wsp\u00f3\u0142pracuj\u0105cym z administratorem (np. firmom IT, hostingowym),<\/p><\/li><li data-start=\"1623\" data-end=\"1690\"><p data-start=\"1625\" data-end=\"1690\">organom pa\u0144stwowym \u2013 na podstawie obowi\u0105zuj\u0105cych przepis\u00f3w prawa.<\/p><\/li><\/ul><h3 data-start=\"1692\" data-end=\"1726\">6. Okres przechowywania danych<\/h3><p data-start=\"1727\" data-end=\"1896\">Dane b\u0119d\u0105 przechowywane przez okres niezb\u0119dny do realizacji celu, dla kt\u00f3rego zosta\u0142y zebrane, a tak\u017ce przez czas wymagany przepisami prawa lub do czasu cofni\u0119cia zgody.<\/p><h3 data-start=\"1898\" data-end=\"1922\">7. Prawa u\u017cytkownika<\/h3><p data-start=\"1923\" data-end=\"1946\">U\u017cytkownik ma prawo do:<\/p><ul data-start=\"1947\" data-end=\"2206\"><li data-start=\"1947\" data-end=\"1974\"><p data-start=\"1949\" data-end=\"1974\">dost\u0119pu do swoich danych,<\/p><\/li><li data-start=\"1975\" data-end=\"1997\"><p data-start=\"1977\" data-end=\"1997\">sprostowania danych,<\/p><\/li><li data-start=\"1998\" data-end=\"2048\"><p data-start=\"2000\" data-end=\"2048\">usuni\u0119cia danych (\u201eprawo do bycia zapomnianym\u201d),<\/p><\/li><li data-start=\"2049\" data-end=\"2078\"><p data-start=\"2051\" data-end=\"2078\">ograniczenia przetwarzania,<\/p><\/li><li data-start=\"2079\" data-end=\"2101\"><p data-start=\"2081\" data-end=\"2101\">przenoszenia danych,<\/p><\/li><li data-start=\"2102\" data-end=\"2145\"><p data-start=\"2104\" data-end=\"2145\">wniesienia sprzeciwu wobec przetwarzania,<\/p><\/li><li data-start=\"2146\" data-end=\"2206\"><p data-start=\"2148\" data-end=\"2206\">wniesienia skargi do organu nadzorczego (np. Prezes UODO).<\/p><\/li><\/ul><h3 data-start=\"2208\" data-end=\"2228\">8. Pliki cookies<\/h3><p data-start=\"2229\" data-end=\"2271\">Strona korzysta z plik\u00f3w cookies w celach:<\/p><ul data-start=\"2272\" data-end=\"2435\"><li data-start=\"2272\" data-end=\"2317\"><p data-start=\"2274\" data-end=\"2317\">zapewnienia prawid\u0142owego dzia\u0142ania serwisu,<\/p><\/li><li data-start=\"2318\" data-end=\"2342\"><p data-start=\"2320\" data-end=\"2342\">analiz statystycznych,<\/p><\/li><li data-start=\"2343\" data-end=\"2435\"><p data-start=\"2345\" data-end=\"2435\">marketingowych.<br \/>U\u017cytkownik mo\u017ce zarz\u0105dza\u0107 plikami cookies za pomoc\u0105 ustawie\u0144 przegl\u0105darki.<\/p><\/li><\/ul><h3 data-start=\"2437\" data-end=\"2473\">9. Zmiany w polityce prywatno\u015bci<\/h3><p data-start=\"2474\" data-end=\"2602\">Administrator zastrzega sobie prawo do wprowadzania zmian w Polityce Prywatno\u015bci. Zmiany b\u0119d\u0105 publikowane na niniejszej stronie.<\/p><h3 data-start=\"2604\" data-end=\"2619\">10. Kontakt<\/h3><p data-start=\"2620\" data-end=\"2746\">W przypadku pyta\u0144 dotycz\u0105cych Polityki Prywatno\u015bci prosimy o kontakt:<br data-start=\"2689\" data-end=\"2692\" \/>\ud83d\udce7 E-mail: biuro@werk.org.pl<br data-start=\"2717\" data-end=\"2720\" \/>\ud83d\udccd Adres: ul. Szkolna 30, 55-220 Jelcz Laskowice.<\/p>\t\t\t\t\t\t\t\t<\/div>\n\t\t\t\t<\/div>\n\t\t\t\t\t<\/div>\n\t\t\t\t<\/div>\n\t\t\t\t<\/div>\n\t\t","protected":false},"excerpt":{"rendered":"<p>Polityka Prywatno\u015bci Data wej\u015bcia w \u017cycie: 13\/05\/2025 Niniejsza Polityka Prywatno\u015bci okre\u015bla zasady przetwarzania i ochrony danych osobowych u\u017cytkownik\u00f3w korzystaj\u0105cych ze strony internetowej [ werk.org.pl\u00a0 \/\u00a0 https: \/\/www.werk.org.pl\/ ]\u00a0. 1. Administrator danych Administratorem danych osobowych jest: WERK SP ZOO, z siedzib\u0105 pod adresem : ul.1 Maja 30a , 45-355 Opole, adres e-mail: biuro@werk.org.pl, nr telefonu: 574669664, [&hellip;]<\/p>\n","protected":false},"author":1,"featured_media":0,"parent":0,"menu_order":0,"comment_status":"closed","ping_status":"closed","template":"elementor_header_footer","meta":{"footnotes":""},"class_list":["post-3","page","type-page","status-publish","hentry"],"yoast_head":"<!-- This site is optimized with the Yoast SEO plugin v27.4 - https:\/\/yoast.com\/product\/yoast-seo-wordpress\/ -->\n<title>Polityka prywatno\u015bci - WERK<\/title>\n<meta name=\"robots\" content=\"index, follow, max-snippet:-1, max-image-preview:large, max-video-preview:-1\" \/>\n<link rel=\"canonical\" href=\"https:\/\/werk.org.pl\/?page_id=3\" \/>\n<meta property=\"og:locale\" content=\"pl_PL\" \/>\n<meta property=\"og:type\" content=\"article\" \/>\n<meta property=\"og:title\" content=\"Polityka prywatno\u015bci - WERK\" \/>\n<meta property=\"og:description\" content=\"Polityka Prywatno\u015bci Data wej\u015bcia w \u017cycie: 13\/05\/2025 Niniejsza Polityka Prywatno\u015bci okre\u015bla zasady przetwarzania i ochrony danych osobowych u\u017cytkownik\u00f3w korzystaj\u0105cych ze strony internetowej [ werk.org.pl\u00a0 \/\u00a0 https: \/\/www.werk.org.pl\/ ]\u00a0. 1. Administrator danych Administratorem danych osobowych jest: WERK SP ZOO, z siedzib\u0105 pod adresem : ul.1 Maja 30a , 45-355 Opole, adres e-mail: biuro@werk.org.pl, nr telefonu: 574669664, [&hellip;]\" \/>\n<meta property=\"og:url\" content=\"https:\/\/werk.org.pl\/?page_id=3\" \/>\n<meta property=\"og:site_name\" content=\"WERK\" \/>\n<meta property=\"article:publisher\" content=\"https:\/\/www.facebook.com\/profile.php?id=61575767462022\" \/>\n<meta property=\"article:modified_time\" content=\"2025-05-13T07:32:12+00:00\" \/>\n<meta name=\"twitter:card\" content=\"summary_large_image\" \/>\n<meta name=\"twitter:label1\" content=\"Szacowany czas czytania\" \/>\n\t<meta name=\"twitter:data1\" content=\"2 minuty\" \/>\n<script type=\"application\/ld+json\" class=\"yoast-schema-graph\">{\"@context\":\"https:\\\/\\\/schema.org\",\"@graph\":[{\"@type\":\"WebPage\",\"@id\":\"https:\\\/\\\/werk.org.pl\\\/?page_id=3\",\"url\":\"https:\\\/\\\/werk.org.pl\\\/?page_id=3\",\"name\":\"Polityka prywatno\u015bci - WERK\",\"isPartOf\":{\"@id\":\"http:\\\/\\\/werk.org.pl\\\/#website\"},\"datePublished\":\"2025-04-23T08:55:22+00:00\",\"dateModified\":\"2025-05-13T07:32:12+00:00\",\"breadcrumb\":{\"@id\":\"https:\\\/\\\/werk.org.pl\\\/?page_id=3#breadcrumb\"},\"inLanguage\":\"pl-PL\",\"potentialAction\":[{\"@type\":\"ReadAction\",\"target\":[\"https:\\\/\\\/werk.org.pl\\\/?page_id=3\"]}]},{\"@type\":\"BreadcrumbList\",\"@id\":\"https:\\\/\\\/werk.org.pl\\\/?page_id=3#breadcrumb\",\"itemListElement\":[{\"@type\":\"ListItem\",\"position\":1,\"name\":\"Strona g\u0142\u00f3wna\",\"item\":\"https:\\\/\\\/werk.org.pl\\\/\"},{\"@type\":\"ListItem\",\"position\":2,\"name\":\"Polityka prywatno\u015bci\"}]},{\"@type\":\"WebSite\",\"@id\":\"http:\\\/\\\/werk.org.pl\\\/#website\",\"url\":\"http:\\\/\\\/werk.org.pl\\\/\",\"name\":\"WERK\",\"description\":\"Firma outsourcingowa\",\"publisher\":{\"@id\":\"http:\\\/\\\/werk.org.pl\\\/#organization\"},\"potentialAction\":[{\"@type\":\"SearchAction\",\"target\":{\"@type\":\"EntryPoint\",\"urlTemplate\":\"http:\\\/\\\/werk.org.pl\\\/?s={search_term_string}\"},\"query-input\":{\"@type\":\"PropertyValueSpecification\",\"valueRequired\":true,\"valueName\":\"search_term_string\"}}],\"inLanguage\":\"pl-PL\"},{\"@type\":\"Organization\",\"@id\":\"http:\\\/\\\/werk.org.pl\\\/#organization\",\"name\":\"WERK SP ZOO\",\"url\":\"http:\\\/\\\/werk.org.pl\\\/\",\"logo\":{\"@type\":\"ImageObject\",\"inLanguage\":\"pl-PL\",\"@id\":\"http:\\\/\\\/werk.org.pl\\\/#\\\/schema\\\/logo\\\/image\\\/\",\"url\":\"https:\\\/\\\/werk.org.pl\\\/wp-content\\\/uploads\\\/2025\\\/04\\\/Component-14.png\",\"contentUrl\":\"https:\\\/\\\/werk.org.pl\\\/wp-content\\\/uploads\\\/2025\\\/04\\\/Component-14.png\",\"width\":1010,\"height\":242,\"caption\":\"WERK SP ZOO\"},\"image\":{\"@id\":\"http:\\\/\\\/werk.org.pl\\\/#\\\/schema\\\/logo\\\/image\\\/\"},\"sameAs\":[\"https:\\\/\\\/www.facebook.com\\\/profile.php?id=61575767462022\"]}]}<\/script>\n<!-- \/ Yoast SEO plugin. -->","yoast_head_json":{"title":"Polityka prywatno\u015bci - WERK","robots":{"index":"index","follow":"follow","max-snippet":"max-snippet:-1","max-image-preview":"max-image-preview:large","max-video-preview":"max-video-preview:-1"},"canonical":"https:\/\/werk.org.pl\/?page_id=3","og_locale":"pl_PL","og_type":"article","og_title":"Polityka prywatno\u015bci - WERK","og_description":"Polityka Prywatno\u015bci Data wej\u015bcia w \u017cycie: 13\/05\/2025 Niniejsza Polityka Prywatno\u015bci okre\u015bla zasady przetwarzania i ochrony danych osobowych u\u017cytkownik\u00f3w korzystaj\u0105cych ze strony internetowej [ werk.org.pl\u00a0 \/\u00a0 https: \/\/www.werk.org.pl\/ ]\u00a0. 1. Administrator danych Administratorem danych osobowych jest: WERK SP ZOO, z siedzib\u0105 pod adresem : ul.1 Maja 30a , 45-355 Opole, adres e-mail: biuro@werk.org.pl, nr telefonu: 574669664, [&hellip;]","og_url":"https:\/\/werk.org.pl\/?page_id=3","og_site_name":"WERK","article_publisher":"https:\/\/www.facebook.com\/profile.php?id=61575767462022","article_modified_time":"2025-05-13T07:32:12+00:00","twitter_card":"summary_large_image","twitter_misc":{"Szacowany czas czytania":"2 minuty"},"schema":{"@context":"https:\/\/schema.org","@graph":[{"@type":"WebPage","@id":"https:\/\/werk.org.pl\/?page_id=3","url":"https:\/\/werk.org.pl\/?page_id=3","name":"Polityka prywatno\u015bci - WERK","isPartOf":{"@id":"http:\/\/werk.org.pl\/#website"},"datePublished":"2025-04-23T08:55:22+00:00","dateModified":"2025-05-13T07:32:12+00:00","breadcrumb":{"@id":"https:\/\/werk.org.pl\/?page_id=3#breadcrumb"},"inLanguage":"pl-PL","potentialAction":[{"@type":"ReadAction","target":["https:\/\/werk.org.pl\/?page_id=3"]}]},{"@type":"BreadcrumbList","@id":"https:\/\/werk.org.pl\/?page_id=3#breadcrumb","itemListElement":[{"@type":"ListItem","position":1,"name":"Strona g\u0142\u00f3wna","item":"https:\/\/werk.org.pl\/"},{"@type":"ListItem","position":2,"name":"Polityka prywatno\u015bci"}]},{"@type":"WebSite","@id":"http:\/\/werk.org.pl\/#website","url":"http:\/\/werk.org.pl\/","name":"WERK","description":"Firma outsourcingowa","publisher":{"@id":"http:\/\/werk.org.pl\/#organization"},"potentialAction":[{"@type":"SearchAction","target":{"@type":"EntryPoint","urlTemplate":"http:\/\/werk.org.pl\/?s={search_term_string}"},"query-input":{"@type":"PropertyValueSpecification","valueRequired":true,"valueName":"search_term_string"}}],"inLanguage":"pl-PL"},{"@type":"Organization","@id":"http:\/\/werk.org.pl\/#organization","name":"WERK SP ZOO","url":"http:\/\/werk.org.pl\/","logo":{"@type":"ImageObject","inLanguage":"pl-PL","@id":"http:\/\/werk.org.pl\/#\/schema\/logo\/image\/","url":"https:\/\/werk.org.pl\/wp-content\/uploads\/2025\/04\/Component-14.png","contentUrl":"https:\/\/werk.org.pl\/wp-content\/uploads\/2025\/04\/Component-14.png","width":1010,"height":242,"caption":"WERK SP ZOO"},"image":{"@id":"http:\/\/werk.org.pl\/#\/schema\/logo\/image\/"},"sameAs":["https:\/\/www.facebook.com\/profile.php?id=61575767462022"]}]}},"_links":{"self":[{"href":"https:\/\/werk.org.pl\/index.php?rest_route=\/wp\/v2\/pages\/3","targetHints":{"allow":["GET"]}}],"collection":[{"href":"https:\/\/werk.org.pl\/index.php?rest_route=\/wp\/v2\/pages"}],"about":[{"href":"https:\/\/werk.org.pl\/index.php?rest_route=\/wp\/v2\/types\/page"}],"author":[{"embeddable":true,"href":"https:\/\/werk.org.pl\/index.php?rest_route=\/wp\/v2\/users\/1"}],"replies":[{"embeddable":true,"href":"https:\/\/werk.org.pl\/index.php?rest_route=%2Fwp%2Fv2%2Fcomments&post=3"}],"version-history":[{"count":7,"href":"https:\/\/werk.org.pl\/index.php?rest_route=\/wp\/v2\/pages\/3\/revisions"}],"predecessor-version":[{"id":608,"href":"https:\/\/werk.org.pl\/index.php?rest_route=\/wp\/v2\/pages\/3\/revisions\/608"}],"wp:attachment":[{"href":"https:\/\/werk.org.pl\/index.php?rest_route=%2Fwp%2Fv2%2Fmedia&parent=3"}],"curies":[{"name":"wp","href":"https:\/\/api.w.org\/{rel}","templated":true}]}}