{"id":196,"date":"2025-04-23T13:03:09","date_gmt":"2025-04-23T11:03:09","guid":{"rendered":"https:\/\/werk.hebepl-hodowla.pl\/?page_id=196"},"modified":"2025-06-17T11:38:10","modified_gmt":"2025-06-17T09:38:10","slug":"werk-sp-zoo","status":"publish","type":"page","link":"https:\/\/werk.org.pl\/","title":{"rendered":"DOM"},"content":{"rendered":"\t\t<div data-elementor-type=\"wp-page\" data-elementor-id=\"196\" class=\"elementor elementor-196\">\n\t\t\t\t<div class=\"elementor-element elementor-element-83682e0 e-con-full e-flex e-con e-parent\" data-id=\"83682e0\" data-element_type=\"container\" data-settings=\"{&quot;background_background&quot;:&quot;gradient&quot;}\">\n\t\t<div class=\"elementor-element elementor-element-2b5c7b9 e-con-full e-flex e-con e-child\" data-id=\"2b5c7b9\" data-element_type=\"container\">\n\t\t\t\t<div class=\"elementor-element elementor-element-e335829 elementor-align-center elementor-tablet-align-left elementor-icon-list--layout-traditional elementor-list-item-link-full_width elementor-invisible elementor-widget elementor-widget-icon-list\" data-id=\"e335829\" data-element_type=\"widget\" data-settings=\"{&quot;_animation&quot;:&quot;fadeIn&quot;,&quot;_animation_delay&quot;:&quot;2000&quot;}\" data-widget_type=\"icon-list.default\">\n\t\t\t\t<div class=\"elementor-widget-container\">\n\t\t\t\t\t\t\t<ul class=\"elementor-icon-list-items\">\n\t\t\t\t\t\t\t<li class=\"elementor-icon-list-item\">\n\t\t\t\t\t\t\t\t\t\t\t<span class=\"elementor-icon-list-icon\">\n\t\t\t\t\t\t\t<svg aria-hidden=\"true\" class=\"e-font-icon-svg e-fab-linkedin-in\" viewBox=\"0 0 448 512\" xmlns=\"http:\/\/www.w3.org\/2000\/svg\"><path d=\"M100.28 448H7.4V148.9h92.88zM53.79 108.1C24.09 108.1 0 83.5 0 53.8a53.79 53.79 0 0 1 107.58 0c0 29.7-24.1 54.3-53.79 54.3zM447.9 448h-92.68V302.4c0-34.7-.7-79.2-48.29-79.2-48.29 0-55.69 37.7-55.69 76.7V448h-92.78V148.9h89.08v40.8h1.3c12.4-23.5 42.69-48.3 87.88-48.3 94 0 111.28 61.9 111.28 142.3V448z\"><\/path><\/svg>\t\t\t\t\t\t<\/span>\n\t\t\t\t\t\t\t\t\t\t<span class=\"elementor-icon-list-text\"><\/span>\n\t\t\t\t\t\t\t\t\t<\/li>\n\t\t\t\t\t\t\t\t<li class=\"elementor-icon-list-item\">\n\t\t\t\t\t\t\t\t\t\t\t<a href=\"https:\/\/www.facebook.com\/profile.php?id=61575767462022\" target=\"_blank\">\n\n\t\t\t\t\t\t\t\t\t\t\t\t<span class=\"elementor-icon-list-icon\">\n\t\t\t\t\t\t\t<svg aria-hidden=\"true\" class=\"e-font-icon-svg e-fab-facebook-f\" viewBox=\"0 0 320 512\" xmlns=\"http:\/\/www.w3.org\/2000\/svg\"><path d=\"M279.14 288l14.22-92.66h-88.91v-60.13c0-25.35 12.42-50.06 52.24-50.06h40.42V6.26S260.43 0 225.36 0c-73.22 0-121.08 44.38-121.08 124.72v70.62H22.89V288h81.39v224h100.17V288z\"><\/path><\/svg>\t\t\t\t\t\t<\/span>\n\t\t\t\t\t\t\t\t\t\t<span class=\"elementor-icon-list-text\"><\/span>\n\t\t\t\t\t\t\t\t\t\t\t<\/a>\n\t\t\t\t\t\t\t\t\t<\/li>\n\t\t\t\t\t\t\t\t<li class=\"elementor-icon-list-item\">\n\t\t\t\t\t\t\t\t\t\t\t<span class=\"elementor-icon-list-icon\">\n\t\t\t\t\t\t\t<svg aria-hidden=\"true\" class=\"e-font-icon-svg e-fab-instagram\" viewBox=\"0 0 448 512\" xmlns=\"http:\/\/www.w3.org\/2000\/svg\"><path d=\"M224.1 141c-63.6 0-114.9 51.3-114.9 114.9s51.3 114.9 114.9 114.9S339 319.5 339 255.9 287.7 141 224.1 141zm0 189.6c-41.1 0-74.7-33.5-74.7-74.7s33.5-74.7 74.7-74.7 74.7 33.5 74.7 74.7-33.6 74.7-74.7 74.7zm146.4-194.3c0 14.9-12 26.8-26.8 26.8-14.9 0-26.8-12-26.8-26.8s12-26.8 26.8-26.8 26.8 12 26.8 26.8zm76.1 27.2c-1.7-35.9-9.9-67.7-36.2-93.9-26.2-26.2-58-34.4-93.9-36.2-37-2.1-147.9-2.1-184.9 0-35.8 1.7-67.6 9.9-93.9 36.1s-34.4 58-36.2 93.9c-2.1 37-2.1 147.9 0 184.9 1.7 35.9 9.9 67.7 36.2 93.9s58 34.4 93.9 36.2c37 2.1 147.9 2.1 184.9 0 35.9-1.7 67.7-9.9 93.9-36.2 26.2-26.2 34.4-58 36.2-93.9 2.1-37 2.1-147.8 0-184.8zM398.8 388c-7.8 19.6-22.9 34.7-42.6 42.6-29.5 11.7-99.5 9-132.1 9s-102.7 2.6-132.1-9c-19.6-7.8-34.7-22.9-42.6-42.6-11.7-29.5-9-99.5-9-132.1s-2.6-102.7 9-132.1c7.8-19.6 22.9-34.7 42.6-42.6 29.5-11.7 99.5-9 132.1-9s102.7-2.6 132.1 9c19.6 7.8 34.7 22.9 42.6 42.6 11.7 29.5 9 99.5 9 132.1s2.7 102.7-9 132.1z\"><\/path><\/svg>\t\t\t\t\t\t<\/span>\n\t\t\t\t\t\t\t\t\t\t<span class=\"elementor-icon-list-text\"><\/span>\n\t\t\t\t\t\t\t\t\t<\/li>\n\t\t\t\t\t\t<\/ul>\n\t\t\t\t\t\t<\/div>\n\t\t\t\t<\/div>\n\t\t\t\t<\/div>\n\t\t<div class=\"elementor-element elementor-element-84e8fa9 e-con-full e-flex e-con e-child\" data-id=\"84e8fa9\" data-element_type=\"container\">\n\t\t<div class=\"elementor-element elementor-element-78ae003 e-con-full e-flex e-con e-child\" data-id=\"78ae003\" data-element_type=\"container\">\n\t\t\t\t<div class=\"elementor-element elementor-element-32c8315 elementor-invisible elementor-widget elementor-widget-heading\" data-id=\"32c8315\" data-element_type=\"widget\" data-settings=\"{&quot;_animation&quot;:&quot;fadeInDown&quot;}\" data-widget_type=\"heading.default\">\n\t\t\t\t<div class=\"elementor-widget-container\">\n\t\t\t\t\t<h1 class=\"elementor-heading-title elementor-size-default\">Ty dajesz wizj\u0119, <br>my dajemy specjalist\u00f3w, <br>kt\u00f3rzy j\u0105 realizuj\u0105. <\/h1>\t\t\t\t<\/div>\n\t\t\t\t<\/div>\n\t\t\t\t<div class=\"elementor-element elementor-element-2adc6256 elementor-widget elementor-widget-text-editor\" data-id=\"2adc6256\" data-element_type=\"widget\" data-widget_type=\"text-editor.default\">\n\t\t\t\t<div class=\"elementor-widget-container\">\n\t\t\t\t\t\t\t\t\t<p>Jeste\u015bmy firm\u0105<strong> outsoucingow\u0105<\/strong> dzia\u0142aj\u0105c\u0105 na rynku od 2010 roku. Dbamy o pracownik\u00f3w i us\u0142ugi w waszych firmach.\u00a0 \u00a0<\/p>\t\t\t\t\t\t\t\t<\/div>\n\t\t\t\t<\/div>\n\t\t\t\t<div class=\"elementor-element elementor-element-d4f00e5 elementor-widget-divider--view-line elementor-widget elementor-widget-divider\" data-id=\"d4f00e5\" data-element_type=\"widget\" data-widget_type=\"divider.default\">\n\t\t\t\t<div class=\"elementor-widget-container\">\n\t\t\t\t\t\t\t<div class=\"elementor-divider\">\n\t\t\t<span class=\"elementor-divider-separator\">\n\t\t\t\t\t\t<\/span>\n\t\t<\/div>\n\t\t\t\t\t\t<\/div>\n\t\t\t\t<\/div>\n\t\t\t\t<div class=\"elementor-element elementor-element-3ff161b elementor-invisible elementor-widget elementor-widget-text-editor\" data-id=\"3ff161b\" data-element_type=\"widget\" data-settings=\"{&quot;_animation&quot;:&quot;rollIn&quot;}\" data-widget_type=\"text-editor.default\">\n\t\t\t\t<div class=\"elementor-widget-container\">\n\t\t\t\t\t\t\t\t\t<p>JELCZ LASKOWICE | O\u0141AWA | OLE\u015aNICA | WROC\u0141AW<\/p>\t\t\t\t\t\t\t\t<\/div>\n\t\t\t\t<\/div>\n\t\t\t\t<div class=\"elementor-element elementor-element-3e6e4e5 elementor-widget elementor-widget-button\" data-id=\"3e6e4e5\" data-element_type=\"widget\" data-widget_type=\"button.default\">\n\t\t\t\t<div class=\"elementor-widget-container\">\n\t\t\t\t\t\t\t\t\t<div class=\"elementor-button-wrapper\">\n\t\t\t\t\t<a class=\"elementor-button elementor-button-link elementor-size-sm\" href=\"https:\/\/werk.org.pl\/?page_id=56\">\n\t\t\t\t\t\t<span class=\"elementor-button-content-wrapper\">\n\t\t\t\t\t\t\t\t\t<span class=\"elementor-button-text\">O NAS<\/span>\n\t\t\t\t\t<\/span>\n\t\t\t\t\t<\/a>\n\t\t\t\t<\/div>\n\t\t\t\t\t\t\t\t<\/div>\n\t\t\t\t<\/div>\n\t\t\t\t<\/div>\n\t\t\t\t<div class=\"elementor-element elementor-element-ed9411d elementor-hidden-mobile elementor-invisible elementor-widget elementor-widget-image\" data-id=\"ed9411d\" data-element_type=\"widget\" data-settings=\"{&quot;_animation&quot;:&quot;pulse&quot;}\" data-widget_type=\"image.default\">\n\t\t\t\t<div class=\"elementor-widget-container\">\n\t\t\t\t\t\t\t\t\t\t\t\t\t\t\t<img fetchpriority=\"high\" decoding=\"async\" width=\"1024\" height=\"819\" src=\"https:\/\/werk.org.pl\/wp-content\/uploads\/2025\/04\/Projekt-bez-nazwy-81-1024x819.png\" class=\"attachment-large size-large wp-image-237\" alt=\"\" srcset=\"https:\/\/werk.org.pl\/wp-content\/uploads\/2025\/04\/Projekt-bez-nazwy-81-1024x819.png 1024w, https:\/\/werk.org.pl\/wp-content\/uploads\/2025\/04\/Projekt-bez-nazwy-81-300x240.png 300w, https:\/\/werk.org.pl\/wp-content\/uploads\/2025\/04\/Projekt-bez-nazwy-81-768x614.png 768w, https:\/\/werk.org.pl\/wp-content\/uploads\/2025\/04\/Projekt-bez-nazwy-81-1536x1229.png 1536w, https:\/\/werk.org.pl\/wp-content\/uploads\/2025\/04\/Projekt-bez-nazwy-81.png 2000w\" sizes=\"(max-width: 1024px) 100vw, 1024px\" \/>\t\t\t\t\t\t\t\t\t\t\t\t\t\t\t<\/div>\n\t\t\t\t<\/div>\n\t\t\t\t<\/div>\n\t\t<div class=\"elementor-element elementor-element-ce7c39b e-con-full e-flex e-con e-child\" data-id=\"ce7c39b\" data-element_type=\"container\" data-settings=\"{&quot;background_background&quot;:&quot;classic&quot;}\">\n\t\t\t\t<div class=\"elementor-element elementor-element-26a11e0 elementor-view-framed elementor-hidden-mobile elementor-shape-circle elementor-position-top elementor-mobile-position-top elementor-invisible elementor-widget elementor-widget-icon-box\" data-id=\"26a11e0\" data-element_type=\"widget\" data-settings=\"{&quot;_animation&quot;:&quot;fadeIn&quot;,&quot;_animation_delay&quot;:&quot;2000&quot;}\" data-widget_type=\"icon-box.default\">\n\t\t\t\t<div class=\"elementor-widget-container\">\n\t\t\t\t\t\t\t<div class=\"elementor-icon-box-wrapper\">\n\n\t\t\t\t\t\t<div class=\"elementor-icon-box-icon\">\n\t\t\t\t<a href=\"https:\/\/library.elementor.com\/cv-portfolio-flexbox\/about\/\" class=\"elementor-icon\" tabindex=\"-1\" aria-label=\"AGENCJA PRACY \">\n\t\t\t\t<svg xmlns=\"http:\/\/www.w3.org\/2000\/svg\" id=\"ec440bcb-96f9-4a3e-8eeb-ddca43ca205c\" data-name=\"Layer 1\" width=\"35.3447\" height=\"19.2886\" viewBox=\"0 0 35.3447 19.2886\"><polygon points=\"35.007 9.482 35.345 9.138 35.331 9.125 35.344 9.11 34.986 8.785 34.632 8.437 34.618 8.451 25.316 0 24.645 0.74 33.495 8.782 0 8.782 0 9.782 33.309 9.782 24.644 18.587 25.356 19.289 34.657 9.837 34.672 9.851 35.007 9.482\"><\/polygon><\/svg>\t\t\t\t<\/a>\n\t\t\t<\/div>\n\t\t\t\n\t\t\t\t\t\t<div class=\"elementor-icon-box-content\">\n\n\t\t\t\t\t\t\t\t\t<h5 class=\"elementor-icon-box-title\">\n\t\t\t\t\t\t<a href=\"https:\/\/library.elementor.com\/cv-portfolio-flexbox\/about\/\" >\n\t\t\t\t\t\t\tAGENCJA PRACY \t\t\t\t\t\t<\/a>\n\t\t\t\t\t<\/h5>\n\t\t\t\t\n\t\t\t\t\n\t\t\t<\/div>\n\t\t\t\n\t\t<\/div>\n\t\t\t\t\t\t<\/div>\n\t\t\t\t<\/div>\n\t\t\t\t<\/div>\n\t\t\t\t<\/div>\n\t\t\t\t<\/div>\n\t\t","protected":false},"excerpt":{"rendered":"<p>Ty dajesz wizj\u0119, my dajemy specjalist\u00f3w, kt\u00f3rzy j\u0105 realizuj\u0105. Jeste\u015bmy firm\u0105 outsoucingow\u0105 dzia\u0142aj\u0105c\u0105 na rynku od 2010 roku. Dbamy o pracownik\u00f3w i us\u0142ugi w waszych firmach.\u00a0 \u00a0 JELCZ LASKOWICE | O\u0141AWA | OLE\u015aNICA | WROC\u0141AW O NAS AGENCJA PRACY<\/p>\n","protected":false},"author":1,"featured_media":237,"parent":0,"menu_order":0,"comment_status":"closed","ping_status":"closed","template":"elementor_header_footer","meta":{"footnotes":""},"class_list":["post-196","page","type-page","status-publish","has-post-thumbnail","hentry"],"yoast_head":"<!-- This site is optimized with the Yoast SEO plugin v27.4 - https:\/\/yoast.com\/product\/yoast-seo-wordpress\/ -->\n<title>DOM - WERK<\/title>\n<meta name=\"description\" content=\"Outsourcing pracownik\u00f3w i agencja pracy \u2013 Jelcz-Laskowice, O\u0142awa, Ole\u015bnica, Wroc\u0142aw. Ty dajesz wizj\u0119, my dostarczamy specjalist\u00f3w!\" \/>\n<meta name=\"robots\" content=\"index, follow, max-snippet:-1, max-image-preview:large, max-video-preview:-1\" \/>\n<link rel=\"canonical\" href=\"https:\/\/werk.org.pl\/\" \/>\n<meta property=\"og:locale\" content=\"pl_PL\" \/>\n<meta property=\"og:type\" content=\"article\" \/>\n<meta property=\"og:title\" content=\"DOM - WERK\" \/>\n<meta property=\"og:description\" content=\"Outsourcing pracownik\u00f3w i agencja pracy \u2013 Jelcz-Laskowice, O\u0142awa, Ole\u015bnica, Wroc\u0142aw. Ty dajesz wizj\u0119, my dostarczamy specjalist\u00f3w!\" \/>\n<meta property=\"og:url\" content=\"https:\/\/werk.org.pl\/\" \/>\n<meta property=\"og:site_name\" content=\"WERK\" \/>\n<meta property=\"article:publisher\" content=\"https:\/\/www.facebook.com\/profile.php?id=61575767462022\" \/>\n<meta property=\"article:modified_time\" content=\"2025-06-17T09:38:10+00:00\" \/>\n<meta property=\"og:image\" content=\"https:\/\/werk.org.pl\/wp-content\/uploads\/2025\/04\/Projekt-bez-nazwy-81-1024x819.png\" \/>\n\t<meta property=\"og:image:width\" content=\"1024\" \/>\n\t<meta property=\"og:image:height\" content=\"819\" \/>\n\t<meta property=\"og:image:type\" content=\"image\/png\" \/>\n<meta name=\"twitter:card\" content=\"summary_large_image\" \/>\n<meta name=\"twitter:label1\" content=\"Szacowany czas czytania\" \/>\n\t<meta name=\"twitter:data1\" content=\"1 minuta\" \/>\n<script type=\"application\/ld+json\" class=\"yoast-schema-graph\">{\"@context\":\"https:\\\/\\\/schema.org\",\"@graph\":[{\"@type\":\"WebPage\",\"@id\":\"https:\\\/\\\/werk.org.pl\\\/\",\"url\":\"https:\\\/\\\/werk.org.pl\\\/\",\"name\":\"DOM - WERK\",\"isPartOf\":{\"@id\":\"http:\\\/\\\/werk.org.pl\\\/#website\"},\"primaryImageOfPage\":{\"@id\":\"https:\\\/\\\/werk.org.pl\\\/#primaryimage\"},\"image\":{\"@id\":\"https:\\\/\\\/werk.org.pl\\\/#primaryimage\"},\"thumbnailUrl\":\"https:\\\/\\\/werk.org.pl\\\/wp-content\\\/uploads\\\/2025\\\/04\\\/Projekt-bez-nazwy-81.png\",\"datePublished\":\"2025-04-23T11:03:09+00:00\",\"dateModified\":\"2025-06-17T09:38:10+00:00\",\"description\":\"Outsourcing pracownik\u00f3w i agencja pracy \u2013 Jelcz-Laskowice, O\u0142awa, Ole\u015bnica, Wroc\u0142aw. Ty dajesz wizj\u0119, my dostarczamy specjalist\u00f3w!\",\"breadcrumb\":{\"@id\":\"https:\\\/\\\/werk.org.pl\\\/#breadcrumb\"},\"inLanguage\":\"pl-PL\",\"potentialAction\":[{\"@type\":\"ReadAction\",\"target\":[\"https:\\\/\\\/werk.org.pl\\\/\"]}]},{\"@type\":\"ImageObject\",\"inLanguage\":\"pl-PL\",\"@id\":\"https:\\\/\\\/werk.org.pl\\\/#primaryimage\",\"url\":\"https:\\\/\\\/werk.org.pl\\\/wp-content\\\/uploads\\\/2025\\\/04\\\/Projekt-bez-nazwy-81.png\",\"contentUrl\":\"https:\\\/\\\/werk.org.pl\\\/wp-content\\\/uploads\\\/2025\\\/04\\\/Projekt-bez-nazwy-81.png\",\"width\":2000,\"height\":1600},{\"@type\":\"BreadcrumbList\",\"@id\":\"https:\\\/\\\/werk.org.pl\\\/#breadcrumb\",\"itemListElement\":[{\"@type\":\"ListItem\",\"position\":1,\"name\":\"Strona g\u0142\u00f3wna\",\"item\":\"https:\\\/\\\/werk.org.pl\\\/\"},{\"@type\":\"ListItem\",\"position\":2,\"name\":\"DOM\"}]},{\"@type\":\"WebSite\",\"@id\":\"http:\\\/\\\/werk.org.pl\\\/#website\",\"url\":\"http:\\\/\\\/werk.org.pl\\\/\",\"name\":\"WERK\",\"description\":\"Firma outsourcingowa\",\"publisher\":{\"@id\":\"http:\\\/\\\/werk.org.pl\\\/#organization\"},\"potentialAction\":[{\"@type\":\"SearchAction\",\"target\":{\"@type\":\"EntryPoint\",\"urlTemplate\":\"http:\\\/\\\/werk.org.pl\\\/?s={search_term_string}\"},\"query-input\":{\"@type\":\"PropertyValueSpecification\",\"valueRequired\":true,\"valueName\":\"search_term_string\"}}],\"inLanguage\":\"pl-PL\"},{\"@type\":\"Organization\",\"@id\":\"http:\\\/\\\/werk.org.pl\\\/#organization\",\"name\":\"WERK SP ZOO\",\"url\":\"http:\\\/\\\/werk.org.pl\\\/\",\"logo\":{\"@type\":\"ImageObject\",\"inLanguage\":\"pl-PL\",\"@id\":\"http:\\\/\\\/werk.org.pl\\\/#\\\/schema\\\/logo\\\/image\\\/\",\"url\":\"https:\\\/\\\/werk.org.pl\\\/wp-content\\\/uploads\\\/2025\\\/04\\\/Component-14.png\",\"contentUrl\":\"https:\\\/\\\/werk.org.pl\\\/wp-content\\\/uploads\\\/2025\\\/04\\\/Component-14.png\",\"width\":1010,\"height\":242,\"caption\":\"WERK SP ZOO\"},\"image\":{\"@id\":\"http:\\\/\\\/werk.org.pl\\\/#\\\/schema\\\/logo\\\/image\\\/\"},\"sameAs\":[\"https:\\\/\\\/www.facebook.com\\\/profile.php?id=61575767462022\"]}]}<\/script>\n<!-- \/ Yoast SEO plugin. -->","yoast_head_json":{"title":"DOM - WERK","description":"Outsourcing pracownik\u00f3w i agencja pracy \u2013 Jelcz-Laskowice, O\u0142awa, Ole\u015bnica, Wroc\u0142aw. Ty dajesz wizj\u0119, my dostarczamy specjalist\u00f3w!","robots":{"index":"index","follow":"follow","max-snippet":"max-snippet:-1","max-image-preview":"max-image-preview:large","max-video-preview":"max-video-preview:-1"},"canonical":"https:\/\/werk.org.pl\/","og_locale":"pl_PL","og_type":"article","og_title":"DOM - WERK","og_description":"Outsourcing pracownik\u00f3w i agencja pracy \u2013 Jelcz-Laskowice, O\u0142awa, Ole\u015bnica, Wroc\u0142aw. Ty dajesz wizj\u0119, my dostarczamy specjalist\u00f3w!","og_url":"https:\/\/werk.org.pl\/","og_site_name":"WERK","article_publisher":"https:\/\/www.facebook.com\/profile.php?id=61575767462022","article_modified_time":"2025-06-17T09:38:10+00:00","og_image":[{"width":1024,"height":819,"url":"https:\/\/werk.org.pl\/wp-content\/uploads\/2025\/04\/Projekt-bez-nazwy-81-1024x819.png","type":"image\/png"}],"twitter_card":"summary_large_image","twitter_misc":{"Szacowany czas czytania":"1 minuta"},"schema":{"@context":"https:\/\/schema.org","@graph":[{"@type":"WebPage","@id":"https:\/\/werk.org.pl\/","url":"https:\/\/werk.org.pl\/","name":"DOM - WERK","isPartOf":{"@id":"http:\/\/werk.org.pl\/#website"},"primaryImageOfPage":{"@id":"https:\/\/werk.org.pl\/#primaryimage"},"image":{"@id":"https:\/\/werk.org.pl\/#primaryimage"},"thumbnailUrl":"https:\/\/werk.org.pl\/wp-content\/uploads\/2025\/04\/Projekt-bez-nazwy-81.png","datePublished":"2025-04-23T11:03:09+00:00","dateModified":"2025-06-17T09:38:10+00:00","description":"Outsourcing pracownik\u00f3w i agencja pracy \u2013 Jelcz-Laskowice, O\u0142awa, Ole\u015bnica, Wroc\u0142aw. Ty dajesz wizj\u0119, my dostarczamy specjalist\u00f3w!","breadcrumb":{"@id":"https:\/\/werk.org.pl\/#breadcrumb"},"inLanguage":"pl-PL","potentialAction":[{"@type":"ReadAction","target":["https:\/\/werk.org.pl\/"]}]},{"@type":"ImageObject","inLanguage":"pl-PL","@id":"https:\/\/werk.org.pl\/#primaryimage","url":"https:\/\/werk.org.pl\/wp-content\/uploads\/2025\/04\/Projekt-bez-nazwy-81.png","contentUrl":"https:\/\/werk.org.pl\/wp-content\/uploads\/2025\/04\/Projekt-bez-nazwy-81.png","width":2000,"height":1600},{"@type":"BreadcrumbList","@id":"https:\/\/werk.org.pl\/#breadcrumb","itemListElement":[{"@type":"ListItem","position":1,"name":"Strona g\u0142\u00f3wna","item":"https:\/\/werk.org.pl\/"},{"@type":"ListItem","position":2,"name":"DOM"}]},{"@type":"WebSite","@id":"http:\/\/werk.org.pl\/#website","url":"http:\/\/werk.org.pl\/","name":"WERK","description":"Firma outsourcingowa","publisher":{"@id":"http:\/\/werk.org.pl\/#organization"},"potentialAction":[{"@type":"SearchAction","target":{"@type":"EntryPoint","urlTemplate":"http:\/\/werk.org.pl\/?s={search_term_string}"},"query-input":{"@type":"PropertyValueSpecification","valueRequired":true,"valueName":"search_term_string"}}],"inLanguage":"pl-PL"},{"@type":"Organization","@id":"http:\/\/werk.org.pl\/#organization","name":"WERK SP ZOO","url":"http:\/\/werk.org.pl\/","logo":{"@type":"ImageObject","inLanguage":"pl-PL","@id":"http:\/\/werk.org.pl\/#\/schema\/logo\/image\/","url":"https:\/\/werk.org.pl\/wp-content\/uploads\/2025\/04\/Component-14.png","contentUrl":"https:\/\/werk.org.pl\/wp-content\/uploads\/2025\/04\/Component-14.png","width":1010,"height":242,"caption":"WERK SP ZOO"},"image":{"@id":"http:\/\/werk.org.pl\/#\/schema\/logo\/image\/"},"sameAs":["https:\/\/www.facebook.com\/profile.php?id=61575767462022"]}]}},"_links":{"self":[{"href":"https:\/\/werk.org.pl\/index.php?rest_route=\/wp\/v2\/pages\/196","targetHints":{"allow":["GET"]}}],"collection":[{"href":"https:\/\/werk.org.pl\/index.php?rest_route=\/wp\/v2\/pages"}],"about":[{"href":"https:\/\/werk.org.pl\/index.php?rest_route=\/wp\/v2\/types\/page"}],"author":[{"embeddable":true,"href":"https:\/\/werk.org.pl\/index.php?rest_route=\/wp\/v2\/users\/1"}],"replies":[{"embeddable":true,"href":"https:\/\/werk.org.pl\/index.php?rest_route=%2Fwp%2Fv2%2Fcomments&post=196"}],"version-history":[{"count":79,"href":"https:\/\/werk.org.pl\/index.php?rest_route=\/wp\/v2\/pages\/196\/revisions"}],"predecessor-version":[{"id":677,"href":"https:\/\/werk.org.pl\/index.php?rest_route=\/wp\/v2\/pages\/196\/revisions\/677"}],"wp:featuredmedia":[{"embeddable":true,"href":"https:\/\/werk.org.pl\/index.php?rest_route=\/wp\/v2\/media\/237"}],"wp:attachment":[{"href":"https:\/\/werk.org.pl\/index.php?rest_route=%2Fwp%2Fv2%2Fmedia&parent=196"}],"curies":[{"name":"wp","href":"https:\/\/api.w.org\/{rel}","templated":true}]}}